{"id":20,"date":"2023-02-09T23:01:20","date_gmt":"2023-02-09T22:01:20","guid":{"rendered":"https:\/\/www.eventiecreazioni.it\/?page_id=20"},"modified":"2023-02-13T22:37:52","modified_gmt":"2023-02-13T21:37:52","slug":"wedding","status":"publish","type":"page","link":"https:\/\/www.eventiecreazioni.it\/index.php\/wedding\/","title":{"rendered":"Wedding Planner"},"content":{"rendered":"<div class=\"wp-block-image\">\n<figure class=\"alignright size-full is-resized\"><img loading=\"lazy\" decoding=\"async\" src=\"https:\/\/www.eventiecreazioni.it\/wp-content\/uploads\/2023\/02\/wedding.png\" alt=\"\" class=\"wp-image-128\" width=\"205\" height=\"133\" srcset=\"https:\/\/www.eventiecreazioni.it\/wp-content\/uploads\/2023\/02\/wedding.png 442w, https:\/\/www.eventiecreazioni.it\/wp-content\/uploads\/2023\/02\/wedding-300x195.png 300w, https:\/\/www.eventiecreazioni.it\/wp-content\/uploads\/2023\/02\/wedding-92x60.png 92w\" sizes=\"auto, (max-width: 205px) 100vw, 205px\" \/><\/figure>\n<\/div>\n\n\n<p>La buona riuscita del matrimonio \u00e8 quello che si aspetta qualunque sposo o sposa che si rispetti. E la figura del wedding planner oggi pi\u00f9 di ieri \u00e8 diventata di particolare importanza se non vogliamo che il nostro matrimonio diventi un terno al lotto. Ed \u00e8 per questo che non finiamo mai di imparare e di aggiornarci per stare al passo con i tempi, conoscere i metodi e i materiali migliori  per rendere perfetto il vostro giorno pi\u00f9 bello!<\/p>\n","protected":false},"excerpt":{"rendered":"<p>La buona riuscita del matrimonio \u00e8 quello che si aspetta qualunque sposo o sposa che si rispetti. E la figura del wedding planner oggi pi\u00f9 &hellip; <\/p>\n","protected":false},"author":1,"featured_media":0,"parent":0,"menu_order":0,"comment_status":"closed","ping_status":"closed","template":"","meta":{"ngg_post_thumbnail":0,"footnotes":""},"class_list":["post-20","page","type-page","status-publish","hentry","latest_post"],"yoast_head":"<!-- This site is optimized with the Yoast SEO plugin v27.5 - https:\/\/yoast.com\/product\/yoast-seo-wordpress\/ -->\n<title>Wedding Planner - Eventi &amp; Creazioni di Elisa Correale - Bomboniere artigianali, oggettistica, balloon art, feste di compleanno, eventi, wedding planner<\/title>\n<meta name=\"robots\" content=\"index, follow, max-snippet:-1, max-image-preview:large, max-video-preview:-1\" \/>\n<link rel=\"canonical\" href=\"https:\/\/www.eventiecreazioni.it\/index.php\/wedding\/\" \/>\n<meta property=\"og:locale\" content=\"it_IT\" \/>\n<meta property=\"og:type\" content=\"article\" \/>\n<meta property=\"og:title\" content=\"Wedding Planner - Eventi &amp; Creazioni di Elisa Correale - Bomboniere artigianali, oggettistica, balloon art, feste di compleanno, eventi, wedding planner\" \/>\n<meta property=\"og:description\" content=\"La buona riuscita del matrimonio \u00e8 quello che si aspetta qualunque sposo o sposa che si rispetti. E la figura del wedding planner oggi pi\u00f9 &hellip;\" \/>\n<meta property=\"og:url\" content=\"https:\/\/www.eventiecreazioni.it\/index.php\/wedding\/\" \/>\n<meta property=\"og:site_name\" content=\"Eventi &amp; Creazioni di Elisa Correale - Bomboniere artigianali, oggettistica, balloon art, feste di compleanno, eventi, wedding planner\" \/>\n<meta property=\"article:publisher\" content=\"https:\/\/www.facebook.com\/eventiecreazionibyelisa79\" \/>\n<meta property=\"article:modified_time\" content=\"2023-02-13T21:37:52+00:00\" \/>\n<meta property=\"og:image\" content=\"https:\/\/www.eventiecreazioni.it\/wp-content\/uploads\/2023\/02\/wedding.png\" \/>\n<meta name=\"twitter:card\" content=\"summary_large_image\" \/>\n<script type=\"application\/ld+json\" class=\"yoast-schema-graph\">{\"@context\":\"https:\\\/\\\/schema.org\",\"@graph\":[{\"@type\":\"WebPage\",\"@id\":\"https:\\\/\\\/www.eventiecreazioni.it\\\/index.php\\\/wedding\\\/\",\"url\":\"https:\\\/\\\/www.eventiecreazioni.it\\\/index.php\\\/wedding\\\/\",\"name\":\"Wedding Planner - Eventi &amp; Creazioni di Elisa Correale - Bomboniere artigianali, oggettistica, balloon art, feste di compleanno, eventi, wedding planner\",\"isPartOf\":{\"@id\":\"https:\\\/\\\/www.eventiecreazioni.it\\\/#website\"},\"primaryImageOfPage\":{\"@id\":\"https:\\\/\\\/www.eventiecreazioni.it\\\/index.php\\\/wedding\\\/#primaryimage\"},\"image\":{\"@id\":\"https:\\\/\\\/www.eventiecreazioni.it\\\/index.php\\\/wedding\\\/#primaryimage\"},\"thumbnailUrl\":\"https:\\\/\\\/www.eventiecreazioni.it\\\/wp-content\\\/uploads\\\/2023\\\/02\\\/wedding.png\",\"datePublished\":\"2023-02-09T22:01:20+00:00\",\"dateModified\":\"2023-02-13T21:37:52+00:00\",\"breadcrumb\":{\"@id\":\"https:\\\/\\\/www.eventiecreazioni.it\\\/index.php\\\/wedding\\\/#breadcrumb\"},\"inLanguage\":\"it-IT\",\"potentialAction\":[{\"@type\":\"ReadAction\",\"target\":[\"https:\\\/\\\/www.eventiecreazioni.it\\\/index.php\\\/wedding\\\/\"]}]},{\"@type\":\"ImageObject\",\"inLanguage\":\"it-IT\",\"@id\":\"https:\\\/\\\/www.eventiecreazioni.it\\\/index.php\\\/wedding\\\/#primaryimage\",\"url\":\"https:\\\/\\\/www.eventiecreazioni.it\\\/wp-content\\\/uploads\\\/2023\\\/02\\\/wedding.png\",\"contentUrl\":\"https:\\\/\\\/www.eventiecreazioni.it\\\/wp-content\\\/uploads\\\/2023\\\/02\\\/wedding.png\",\"width\":442,\"height\":287},{\"@type\":\"BreadcrumbList\",\"@id\":\"https:\\\/\\\/www.eventiecreazioni.it\\\/index.php\\\/wedding\\\/#breadcrumb\",\"itemListElement\":[{\"@type\":\"ListItem\",\"position\":1,\"name\":\"Home\",\"item\":\"https:\\\/\\\/www.eventiecreazioni.it\\\/\"},{\"@type\":\"ListItem\",\"position\":2,\"name\":\"Wedding Planner\"}]},{\"@type\":\"WebSite\",\"@id\":\"https:\\\/\\\/www.eventiecreazioni.it\\\/#website\",\"url\":\"https:\\\/\\\/www.eventiecreazioni.it\\\/\",\"name\":\"Eventi & Creazioni di Elisa Correale - Bomboniere artigianali, oggettistica, balloon art, feste di compleanno, eventi, wedding planner\",\"description\":\"\",\"publisher\":{\"@id\":\"https:\\\/\\\/www.eventiecreazioni.it\\\/#organization\"},\"potentialAction\":[{\"@type\":\"SearchAction\",\"target\":{\"@type\":\"EntryPoint\",\"urlTemplate\":\"https:\\\/\\\/www.eventiecreazioni.it\\\/?s={search_term_string}\"},\"query-input\":{\"@type\":\"PropertyValueSpecification\",\"valueRequired\":true,\"valueName\":\"search_term_string\"}}],\"inLanguage\":\"it-IT\"},{\"@type\":\"Organization\",\"@id\":\"https:\\\/\\\/www.eventiecreazioni.it\\\/#organization\",\"name\":\"Eventi & Creazioni di Elisa Correale\",\"url\":\"https:\\\/\\\/www.eventiecreazioni.it\\\/\",\"logo\":{\"@type\":\"ImageObject\",\"inLanguage\":\"it-IT\",\"@id\":\"https:\\\/\\\/www.eventiecreazioni.it\\\/#\\\/schema\\\/logo\\\/image\\\/\",\"url\":\"https:\\\/\\\/www.eventiecreazioni.it\\\/wp-content\\\/uploads\\\/2023\\\/02\\\/logo_200.png\",\"contentUrl\":\"https:\\\/\\\/www.eventiecreazioni.it\\\/wp-content\\\/uploads\\\/2023\\\/02\\\/logo_200.png\",\"width\":200,\"height\":198,\"caption\":\"Eventi & Creazioni di Elisa Correale\"},\"image\":{\"@id\":\"https:\\\/\\\/www.eventiecreazioni.it\\\/#\\\/schema\\\/logo\\\/image\\\/\"},\"sameAs\":[\"https:\\\/\\\/www.facebook.com\\\/eventiecreazionibyelisa79\",\"https:\\\/\\\/www.instagram.com\\\/eventiecreazioni79\\\/\"]}]}<\/script>\n<!-- \/ Yoast SEO plugin. -->","yoast_head_json":{"title":"Wedding Planner - Eventi &amp; Creazioni di Elisa Correale - Bomboniere artigianali, oggettistica, balloon art, feste di compleanno, eventi, wedding planner","robots":{"index":"index","follow":"follow","max-snippet":"max-snippet:-1","max-image-preview":"max-image-preview:large","max-video-preview":"max-video-preview:-1"},"canonical":"https:\/\/www.eventiecreazioni.it\/index.php\/wedding\/","og_locale":"it_IT","og_type":"article","og_title":"Wedding Planner - Eventi &amp; Creazioni di Elisa Correale - Bomboniere artigianali, oggettistica, balloon art, feste di compleanno, eventi, wedding planner","og_description":"La buona riuscita del matrimonio \u00e8 quello che si aspetta qualunque sposo o sposa che si rispetti. E la figura del wedding planner oggi pi\u00f9 &hellip;","og_url":"https:\/\/www.eventiecreazioni.it\/index.php\/wedding\/","og_site_name":"Eventi &amp; Creazioni di Elisa Correale - Bomboniere artigianali, oggettistica, balloon art, feste di compleanno, eventi, wedding planner","article_publisher":"https:\/\/www.facebook.com\/eventiecreazionibyelisa79","article_modified_time":"2023-02-13T21:37:52+00:00","og_image":[{"url":"https:\/\/www.eventiecreazioni.it\/wp-content\/uploads\/2023\/02\/wedding.png","type":"","width":"","height":""}],"twitter_card":"summary_large_image","schema":{"@context":"https:\/\/schema.org","@graph":[{"@type":"WebPage","@id":"https:\/\/www.eventiecreazioni.it\/index.php\/wedding\/","url":"https:\/\/www.eventiecreazioni.it\/index.php\/wedding\/","name":"Wedding Planner - Eventi &amp; Creazioni di Elisa Correale - Bomboniere artigianali, oggettistica, balloon art, feste di compleanno, eventi, wedding planner","isPartOf":{"@id":"https:\/\/www.eventiecreazioni.it\/#website"},"primaryImageOfPage":{"@id":"https:\/\/www.eventiecreazioni.it\/index.php\/wedding\/#primaryimage"},"image":{"@id":"https:\/\/www.eventiecreazioni.it\/index.php\/wedding\/#primaryimage"},"thumbnailUrl":"https:\/\/www.eventiecreazioni.it\/wp-content\/uploads\/2023\/02\/wedding.png","datePublished":"2023-02-09T22:01:20+00:00","dateModified":"2023-02-13T21:37:52+00:00","breadcrumb":{"@id":"https:\/\/www.eventiecreazioni.it\/index.php\/wedding\/#breadcrumb"},"inLanguage":"it-IT","potentialAction":[{"@type":"ReadAction","target":["https:\/\/www.eventiecreazioni.it\/index.php\/wedding\/"]}]},{"@type":"ImageObject","inLanguage":"it-IT","@id":"https:\/\/www.eventiecreazioni.it\/index.php\/wedding\/#primaryimage","url":"https:\/\/www.eventiecreazioni.it\/wp-content\/uploads\/2023\/02\/wedding.png","contentUrl":"https:\/\/www.eventiecreazioni.it\/wp-content\/uploads\/2023\/02\/wedding.png","width":442,"height":287},{"@type":"BreadcrumbList","@id":"https:\/\/www.eventiecreazioni.it\/index.php\/wedding\/#breadcrumb","itemListElement":[{"@type":"ListItem","position":1,"name":"Home","item":"https:\/\/www.eventiecreazioni.it\/"},{"@type":"ListItem","position":2,"name":"Wedding Planner"}]},{"@type":"WebSite","@id":"https:\/\/www.eventiecreazioni.it\/#website","url":"https:\/\/www.eventiecreazioni.it\/","name":"Eventi & Creazioni di Elisa Correale - Bomboniere artigianali, oggettistica, balloon art, feste di compleanno, eventi, wedding planner","description":"","publisher":{"@id":"https:\/\/www.eventiecreazioni.it\/#organization"},"potentialAction":[{"@type":"SearchAction","target":{"@type":"EntryPoint","urlTemplate":"https:\/\/www.eventiecreazioni.it\/?s={search_term_string}"},"query-input":{"@type":"PropertyValueSpecification","valueRequired":true,"valueName":"search_term_string"}}],"inLanguage":"it-IT"},{"@type":"Organization","@id":"https:\/\/www.eventiecreazioni.it\/#organization","name":"Eventi & Creazioni di Elisa Correale","url":"https:\/\/www.eventiecreazioni.it\/","logo":{"@type":"ImageObject","inLanguage":"it-IT","@id":"https:\/\/www.eventiecreazioni.it\/#\/schema\/logo\/image\/","url":"https:\/\/www.eventiecreazioni.it\/wp-content\/uploads\/2023\/02\/logo_200.png","contentUrl":"https:\/\/www.eventiecreazioni.it\/wp-content\/uploads\/2023\/02\/logo_200.png","width":200,"height":198,"caption":"Eventi & Creazioni di Elisa Correale"},"image":{"@id":"https:\/\/www.eventiecreazioni.it\/#\/schema\/logo\/image\/"},"sameAs":["https:\/\/www.facebook.com\/eventiecreazionibyelisa79","https:\/\/www.instagram.com\/eventiecreazioni79\/"]}]}},"_links":{"self":[{"href":"https:\/\/www.eventiecreazioni.it\/index.php\/wp-json\/wp\/v2\/pages\/20","targetHints":{"allow":["GET"]}}],"collection":[{"href":"https:\/\/www.eventiecreazioni.it\/index.php\/wp-json\/wp\/v2\/pages"}],"about":[{"href":"https:\/\/www.eventiecreazioni.it\/index.php\/wp-json\/wp\/v2\/types\/page"}],"author":[{"embeddable":true,"href":"https:\/\/www.eventiecreazioni.it\/index.php\/wp-json\/wp\/v2\/users\/1"}],"replies":[{"embeddable":true,"href":"https:\/\/www.eventiecreazioni.it\/index.php\/wp-json\/wp\/v2\/comments?post=20"}],"version-history":[{"count":6,"href":"https:\/\/www.eventiecreazioni.it\/index.php\/wp-json\/wp\/v2\/pages\/20\/revisions"}],"predecessor-version":[{"id":131,"href":"https:\/\/www.eventiecreazioni.it\/index.php\/wp-json\/wp\/v2\/pages\/20\/revisions\/131"}],"wp:attachment":[{"href":"https:\/\/www.eventiecreazioni.it\/index.php\/wp-json\/wp\/v2\/media?parent=20"}],"curies":[{"name":"wp","href":"https:\/\/api.w.org\/{rel}","templated":true}]}}